{"id":102,"date":"2023-04-16T15:38:05","date_gmt":"2023-04-16T15:38:05","guid":{"rendered":"https:\/\/www.targetbuddy.se\/wp\/?page_id=102"},"modified":"2024-05-29T21:33:05","modified_gmt":"2024-05-29T21:33:05","slug":"shoppen","status":"publish","type":"page","link":"https:\/\/www.targetbuddy.se\/wp\/shoppen\/","title":{"rendered":"Shoppen"},"content":{"rendered":"\n\n\n\n\n\n\n\nBes\u00f6k v\u00e5r officiella distribut\u00f6r\n\n\n\n","protected":false},"excerpt":{"rendered":"","protected":false},"author":1,"featured_media":0,"parent":0,"menu_order":0,"comment_status":"closed","ping_status":"closed","template":"","meta":{"pagelayer_contact_templates":[],"_pagelayer_content":"","footnotes":""},"class_list":["post-102","page","type-page","status-publish","hentry"],"_links":{"self":[{"href":"https:\/\/www.targetbuddy.se\/wp\/wp-json\/wp\/v2\/pages\/102","targetHints":{"allow":["GET"]}}],"collection":[{"href":"https:\/\/www.targetbuddy.se\/wp\/wp-json\/wp\/v2\/pages"}],"about":[{"href":"https:\/\/www.targetbuddy.se\/wp\/wp-json\/wp\/v2\/types\/page"}],"author":[{"embeddable":true,"href":"https:\/\/www.targetbuddy.se\/wp\/wp-json\/wp\/v2\/users\/1"}],"replies":[{"embeddable":true,"href":"https:\/\/www.targetbuddy.se\/wp\/wp-json\/wp\/v2\/comments?post=102"}],"version-history":[{"count":27,"href":"https:\/\/www.targetbuddy.se\/wp\/wp-json\/wp\/v2\/pages\/102\/revisions"}],"predecessor-version":[{"id":331,"href":"https:\/\/www.targetbuddy.se\/wp\/wp-json\/wp\/v2\/pages\/102\/revisions\/331"}],"wp:attachment":[{"href":"https:\/\/www.targetbuddy.se\/wp\/wp-json\/wp\/v2\/media?parent=102"}],"curies":[{"name":"wp","href":"https:\/\/api.w.org\/{rel}","templated":true}]}}